{"id":9207,"date":"2019-01-08T05:36:43","date_gmt":"2019-01-08T05:36:43","guid":{"rendered":"http:\/\/preview.creativesplanet.com\/greenly-site1\/?page_id=9207"},"modified":"2020-07-01T15:04:58","modified_gmt":"2020-07-01T13:04:58","slug":"chi-siamo","status":"publish","type":"page","link":"https:\/\/www.wemworld.it\/it\/chi-siamo\/","title":{"rendered":"Chi Siamo"},"content":{"rendered":"<p>[vc_row cspt-extended-column=&#8221;first&#8221; cspt-extended-bg-image-position=&#8221;right-top&#8221; cspt-extended-bg-image-repeat=&#8221;y&#8221; full_width=&#8221;stretch_row&#8221; content_placement=&#8221;middle&#8221; css=&#8221;.vc_custom_1548744289574{padding-top: 90px !important;padding-bottom: 90px !important;}&#8221; cspt-first-col-bg-image=&#8221;9037&#8243; cspt-responsive-css=&#8221;61836986|colbreak_no|||||||||colbreak_yes|||||||||colbreak_no||||||||||colbreak_no|||||||||&#8221;][vc_column cspt-text-color=&#8221;blackish&#8221; cspt-bg-color=&#8221;white&#8221; cspt-bg-image-position=&#8221;left-center&#8221; parallax=&#8221;content-moving&#8221; width=&#8221;1\/2&#8243; css=&#8221;.vc_custom_1579606475899{margin-right: -50px !important;}&#8221; cspt-responsive-css=&#8221;83513971|colbreak_no|||||||||colbreak_no||0|||||||colbreak_no||||||||||colbreak_no|||||||||&#8221;][vc_column_text css=&#8221;.vc_custom_1579607958726{margin-bottom: 45px !important;}&#8221;]Higeco More progetta e sviluppa soluzioni chiavi in mano semplici, innovative ed efficaci per il monitoraggio e controllo degli asset rinnovabili in ambito commerciale e utility grade.<\/p>\n<p>Le nostre competenze nell\u2019ambito delle energie rinnovabili ci permettono di fornire un servizio completo che include sia la progettazione che la fornitura e la messa in servizio di sistemi di monitoraggio e controllo industriale per impianti di produzione di energia da fonti rinnovabili.<\/p>\n<p>La nostra consolidata esperienza sul campo ci ha permesso di sviluppare un atteggiamento di tipo \u201cproblem solving\u201d e sviluppare soluzioni di monitoraggio industriale affidabili e che possono contare su una gamma di hardware e software capaci di soddisfare le pi\u00f9 diverse esigenze di raccolta e gestione dei dati.<\/p>\n<p>La Centrale Operativa Higeco More \u00e8 la piattaforma di gestione e monitoraggio in tempo reale del tuo asset rinnovabile pi\u00f9 evoluta sul mercato. La sua affidabilit\u00e0 e le infinite possibilit\u00e0 di personalizzazione ne fanno lo strumento ideale per O&amp;M ed Asset management.[\/vc_column_text][\/vc_column][vc_column width=&#8221;1\/2&#8243; css=&#8221;.vc_custom_1549970097060{padding-left: 90px !important;}&#8221; cspt-responsive-css=&#8221;99138109|colbreak_no|||||||||colbreak_no|90|||||||0|colbreak_no||||||||||colbreak_no|||||||||&#8221;][vc_single_image image=&#8221;11898&#8243; img_size=&#8221;640&#215;480&#8243; css=&#8221;.vc_custom_1582538563407{margin-bottom: 0px !important;}&#8221; el_class=&#8221;cspt-effect-img&#8221;][\/vc_column][\/vc_row][vc_row cspt-extended-column=&#8221;first&#8221; cspt-extended-bg-image-position=&#8221;right-top&#8221; cspt-extended-bg-image-repeat=&#8221;y&#8221; full_width=&#8221;stretch_row&#8221; content_placement=&#8221;middle&#8221; css=&#8221;.vc_custom_1548744289574{padding-top: 90px !important;padding-bottom: 90px !important;}&#8221; cspt-first-col-bg-image=&#8221;9037&#8243; cspt-responsive-css=&#8221;61836986|colbreak_no|||||||||colbreak_yes|||||||||colbreak_no||||||||||colbreak_no|||||||||&#8221;][vc_column cspt-text-color=&#8221;blackish&#8221; cspt-bg-color=&#8221;white&#8221; cspt-bg-image-position=&#8221;left-center&#8221; parallax=&#8221;content-moving&#8221; width=&#8221;1\/2&#8243; css=&#8221;.vc_custom_1579606475899{margin-right: -50px !important;}&#8221; cspt-responsive-css=&#8221;83513971|colbreak_no|||||||||colbreak_no||0|||||||colbreak_no||||||||||colbreak_no|||||||||&#8221;][vc_single_image image=&#8221;11900&#8243; img_size=&#8221;640&#215;480&#8243; css=&#8221;.vc_custom_1582538595848{margin-bottom: 0px !important;}&#8221; el_class=&#8221;cspt-effect-img&#8221;][\/vc_column][vc_column width=&#8221;1\/2&#8243; css=&#8221;.vc_custom_1549970097060{padding-left: 90px !important;}&#8221; cspt-responsive-css=&#8221;99138109|colbreak_no|||||||||colbreak_no|90|||||||0|colbreak_no||||||||||colbreak_no|||||||||&#8221;][vc_column_text css=&#8221;.vc_custom_1579606374035{margin-bottom: 45px !important;}&#8221;]Vogliamo rendere la gestione degli asset rinnovabili pi\u00f9 semplice, efficiente ed affidabile, proponendoci alle societ\u00e0 che si occupano di O&amp;M ed asset management come partner di fiducia, fornendo i pi\u00f9 avanzati strumenti per il monitoraggio in tempo reale, l\u2019analisi dei dati, l\u2019ottimizzazione degli impianti di produzione di energia da fonti rinnovabili ed un supporto tecnico in grado di trovare sempre le soluzioni pi\u00f9 efficaci.<\/p>\n<p>Diamo valore agli investimenti dei nostri clienti, garantendo i pi\u00f9 alti standard progettuali e le migliori soluzioni per il monitoraggio e la gestione degli asset rinnovabili.[\/vc_column_text][\/vc_column][\/vc_row][vc_row cspt-extended-column=&#8221;first&#8221; cspt-extended-bg-image-position=&#8221;right-top&#8221; cspt-extended-bg-image-repeat=&#8221;y&#8221; full_width=&#8221;stretch_row&#8221; content_placement=&#8221;middle&#8221; css=&#8221;.vc_custom_1548744289574{padding-top: 90px !important;padding-bottom: 90px !important;}&#8221; cspt-first-col-bg-image=&#8221;9037&#8243; cspt-responsive-css=&#8221;61836986|colbreak_no|||||||||colbreak_yes|||||||||colbreak_no||||||||||colbreak_no|||||||||&#8221;][vc_column width=&#8221;1\/2&#8243; css=&#8221;.vc_custom_1579606427230{margin-right: -50px !important;}&#8221; cspt-responsive-css=&#8221;83513971|colbreak_no|||||||||colbreak_no||0|||||||colbreak_no||||||||||colbreak_no|||||||||&#8221;][vc_column_text css=&#8221;.vc_custom_1579607835306{margin-bottom: 45px !important;}&#8221;]Crediamo che la produzione di energia da fonti rinnovabili rappresenti il futuro per l\u2019umanit\u00e0 e per la sostenibilit\u00e0 del pianeta Terra. La nostra vision \u00e8 un futuro in cui ogni asset rinnovabile potr\u00e0 garantire la massima produttivit\u00e0 ed efficienza grazie anche alle soluzioni di monitoraggio e controllo Higeco More.[\/vc_column_text][\/vc_column][vc_column width=&#8221;1\/2&#8243; css=&#8221;.vc_custom_1549970097060{padding-left: 90px !important;}&#8221; cspt-responsive-css=&#8221;99138109|colbreak_no|||||||||colbreak_no|90|||||||0|colbreak_no||||||||||colbreak_no|||||||||&#8221;][vc_single_image image=&#8221;11902&#8243; img_size=&#8221;640&#215;480&#8243; css=&#8221;.vc_custom_1582538631814{margin-bottom: 0px !important;}&#8221; el_class=&#8221;cspt-effect-img&#8221;][\/vc_column][\/vc_row][vc_row][vc_column][vc_column_text]<\/p>\n<p>[\/vc_column_text][\/vc_column][\/vc_row][vc_row cspt-text-color=&#8221;white&#8221; cspt-bg-color=&#8221;globalcolor&#8221; full_width=&#8221;stretch_row&#8221; css=&#8221;.vc_custom_1549943751404{padding-top: 50px !important;padding-bottom: 50px !important;}&#8221;][vc_column width=&#8221;2\/3&#8243;][vc_custom_heading text=&#8221;Scarica la presentazione HIGECO More&#8221; font_container=&#8221;tag:h2|font_size:32px|text_align:left|line_height:40px&#8221; use_theme_fonts=&#8221;yes&#8221; css=&#8221;.vc_custom_1579608018072{margin-bottom: 8px !important;}&#8221;][vc_column_text css=&#8221;.vc_custom_1579608010570{margin-bottom: 0px !important;}&#8221;]Higeco More progetta e sviluppa soluzioni chiavi in mano semplici, innovative ed efficaci per il\u00a0<strong>monitoraggio e controllo degli asset rinnovabili<\/strong>\u00a0in\u00a0<strong>ambito commerciale e utility grade<\/strong>[\/vc_column_text][\/vc_column][vc_column width=&#8221;1\/3&#8243;][vc_btn title=&#8221;SCARICA LA PRESENTAZIONE IN PDF&#8221; style=&#8221;outline&#8221; color=&#8221;white&#8221; align=&#8221;right&#8221; css=&#8221;.vc_custom_1581625577366{margin-top: 10px !important;margin-bottom: 0px !important;}&#8221; el_class=&#8221;cspt-align-left-767&#8243; link=&#8221;url:https%3A%2F%2Fwww.higecomore.com%2Fdownload%2FBrochure_Higeco_More.pdf||target:%20_blank|&#8221;][\/vc_column][\/vc_row][vc_row][vc_column][vc_column_text]<\/p>\n<p>&nbsp;<\/p>\n<p>[\/vc_column_text][\/vc_column][\/vc_row]<\/p>\n","protected":false},"excerpt":{"rendered":"<p>[vc_row cspt-extended-column=&#8221;first&#8221; cspt-extended-bg-image-position=&#8221;right-top&#8221; cspt-extended-bg-image-repeat=&#8221;y&#8221; full_width=&#8221;stretch_row&#8221; content_placement=&#8221;middle&#8221; css=&#8221;.vc_custom_1548744289574{padding-top: 90px !important;padding-bottom: 90px !important;}&#8221; cspt-first-col-bg-image=&#8221;9037&#8243; cspt-responsive-css=&#8221;61836986|colbreak_no|||||||||colbreak_yes|||||||||colbreak_no||||||||||colbreak_no|||||||||&#8221;][vc_column cspt-text-color=&#8221;blackish&#8221; cspt-bg-color=&#8221;white&#8221; cspt-bg-image-position=&#8221;left-center&#8221; parallax=&#8221;content-moving&#8221; width=&#8221;1\/2&#8243; css=&#8221;.vc_custom_1579606475899{margin-right: -50px !important;}&#8221; cspt-responsive-css=&#8221;83513971|colbreak_no|||||||||colbreak_no||0|||||||colbreak_no||||||||||colbreak_no|||||||||&#8221;][vc_column_text css=&#8221;.vc_custom_1579607958726{margin-bottom: 45px !important;}&#8221;]Higeco More progetta e sviluppa soluzioni chiavi in mano semplici, innovative ed efficaci per il monitoraggio e controllo degli asset rinnovabili in ambito commerciale e utility grade. Le nostre competenze nell\u2019ambito [&hellip;]<\/p>\n","protected":false},"author":1,"featured_media":0,"parent":0,"menu_order":6,"comment_status":"closed","ping_status":"closed","template":"","meta":[],"_links":{"self":[{"href":"https:\/\/www.wemworld.it\/it\/wp-json\/wp\/v2\/pages\/9207"}],"collection":[{"href":"https:\/\/www.wemworld.it\/it\/wp-json\/wp\/v2\/pages"}],"about":[{"href":"https:\/\/www.wemworld.it\/it\/wp-json\/wp\/v2\/types\/page"}],"author":[{"embeddable":true,"href":"https:\/\/www.wemworld.it\/it\/wp-json\/wp\/v2\/users\/1"}],"replies":[{"embeddable":true,"href":"https:\/\/www.wemworld.it\/it\/wp-json\/wp\/v2\/comments?post=9207"}],"version-history":[{"count":89,"href":"https:\/\/www.wemworld.it\/it\/wp-json\/wp\/v2\/pages\/9207\/revisions"}],"predecessor-version":[{"id":12360,"href":"https:\/\/www.wemworld.it\/it\/wp-json\/wp\/v2\/pages\/9207\/revisions\/12360"}],"wp:attachment":[{"href":"https:\/\/www.wemworld.it\/it\/wp-json\/wp\/v2\/media?parent=9207"}],"curies":[{"name":"wp","href":"https:\/\/api.w.org\/{rel}","templated":true}]}}